{"id":1052,"date":"2020-07-29T08:59:59","date_gmt":"2020-07-29T08:59:59","guid":{"rendered":"https:\/\/retulansaari.fi\/?page_id=1052"},"modified":"2024-02-23T10:47:25","modified_gmt":"2024-02-23T10:47:25","slug":"erpila","status":"publish","type":"page","link":"https:\/\/retulansaari.fi\/?page_id=1052","title":{"rendered":"Erpila"},"content":{"rendered":"\t\t<div data-elementor-type=\"wp-post\" data-elementor-id=\"1052\" class=\"elementor elementor-1052\" data-elementor-settings=\"[]\">\n\t\t\t<div class=\"elementor-inner\">\n\t\t\t\t<div class=\"elementor-section-wrap\">\n\t\t\t\t\t\t\t<section class=\"elementor-element elementor-element-a4d997b elementor-section-boxed elementor-section-height-default elementor-section-height-default elementor-section elementor-top-section\" data-id=\"a4d997b\" data-element_type=\"section\">\n\t\t\t\t\t\t<div class=\"elementor-container elementor-column-gap-default\">\n\t\t\t\t<div class=\"elementor-row\">\n\t\t\t\t\t\t<\/div>\n\t\t\t<\/div>\n\t\t<\/section>\n\t\t\t\t<section class=\"elementor-element elementor-element-4ace3b8 elementor-section-boxed elementor-section-height-default elementor-section-height-default elementor-section elementor-top-section\" data-id=\"4ace3b8\" data-element_type=\"section\">\n\t\t\t\t\t\t<div class=\"elementor-container elementor-column-gap-default\">\n\t\t\t\t<div class=\"elementor-row\">\n\t\t\t\t<div class=\"elementor-element elementor-element-9e3f8a2 elementor-column elementor-col-100 elementor-top-column\" data-id=\"9e3f8a2\" data-element_type=\"column\">\n\t\t\t<div class=\"elementor-column-wrap\">\n\t\t\t\t\t<div class=\"elementor-widget-wrap\">\n\t\t\t\t\t\t<\/div>\n\t\t\t<\/div>\n\t\t<\/div>\n\t\t\t\t\t\t<\/div>\n\t\t\t<\/div>\n\t\t<\/section>\n\t\t\t\t<section class=\"elementor-element elementor-element-266fca4 elementor-section-boxed elementor-section-height-default elementor-section-height-default elementor-section elementor-top-section\" data-id=\"266fca4\" data-element_type=\"section\">\n\t\t\t\t\t\t<div class=\"elementor-container elementor-column-gap-default\">\n\t\t\t\t<div class=\"elementor-row\">\n\t\t\t\t<div class=\"elementor-element elementor-element-05cf49b elementor-column elementor-col-100 elementor-top-column\" data-id=\"05cf49b\" data-element_type=\"column\">\n\t\t\t<div class=\"elementor-column-wrap  elementor-element-populated\">\n\t\t\t\t\t<div class=\"elementor-widget-wrap\">\n\t\t\t\t<div class=\"elementor-element elementor-element-35a5f83 elementor-widget elementor-widget-heading\" data-id=\"35a5f83\" data-element_type=\"widget\" data-widget_type=\"heading.default\">\n\t\t\t\t<div class=\"elementor-widget-container\">\n\t\t\t<div class=\"elementor-heading-title elementor-size-default\">ErpilA<\/div>\t\t<\/div>\n\t\t\t\t<\/div>\n\t\t\t\t<div class=\"elementor-element elementor-element-c4c5520 elementor-widget elementor-widget-spacer\" data-id=\"c4c5520\" data-element_type=\"widget\" data-widget_type=\"spacer.default\">\n\t\t\t\t<div class=\"elementor-widget-container\">\n\t\t\t\t\t<div class=\"elementor-spacer\">\n\t\t\t<div class=\"elementor-spacer-inner\"><\/div>\n\t\t<\/div>\n\t\t\t\t<\/div>\n\t\t\t\t<\/div>\n\t\t\t\t<div class=\"elementor-element elementor-element-1b77985 elementor-widget elementor-widget-image\" data-id=\"1b77985\" data-element_type=\"widget\" data-widget_type=\"image.default\">\n\t\t\t\t<div class=\"elementor-widget-container\">\n\t\t\t\t\t<div class=\"elementor-image\">\n\t\t\t\t\t\t\t\t\t\t<img loading=\"lazy\" decoding=\"async\" width=\"2560\" height=\"1707\" src=\"https:\/\/retulansaari.fi\/wp-content\/uploads\/2024\/02\/IMG_5872-1-scaled.jpg\" class=\"attachment-full size-full\" alt=\"\" srcset=\"https:\/\/retulansaari.fi\/wp-content\/uploads\/2024\/02\/IMG_5872-1-scaled.jpg 2560w, https:\/\/retulansaari.fi\/wp-content\/uploads\/2024\/02\/IMG_5872-1-300x200.jpg 300w, https:\/\/retulansaari.fi\/wp-content\/uploads\/2024\/02\/IMG_5872-1-1024x683.jpg 1024w, https:\/\/retulansaari.fi\/wp-content\/uploads\/2024\/02\/IMG_5872-1-768x512.jpg 768w, https:\/\/retulansaari.fi\/wp-content\/uploads\/2024\/02\/IMG_5872-1-1536x1024.jpg 1536w, https:\/\/retulansaari.fi\/wp-content\/uploads\/2024\/02\/IMG_5872-1-2048x1365.jpg 2048w, https:\/\/retulansaari.fi\/wp-content\/uploads\/2024\/02\/IMG_5872-1-600x400.jpg 600w\" sizes=\"(max-width: 2560px) 100vw, 2560px\" \/>\t\t\t\t\t\t\t\t\t\t\t<\/div>\n\t\t\t\t<\/div>\n\t\t\t\t<\/div>\n\t\t\t\t<div class=\"elementor-element elementor-element-8e15c02 elementor-widget elementor-widget-spacer\" data-id=\"8e15c02\" data-element_type=\"widget\" data-widget_type=\"spacer.default\">\n\t\t\t\t<div class=\"elementor-widget-container\">\n\t\t\t\t\t<div class=\"elementor-spacer\">\n\t\t\t<div class=\"elementor-spacer-inner\"><\/div>\n\t\t<\/div>\n\t\t\t\t<\/div>\n\t\t\t\t<\/div>\n\t\t\t\t<div class=\"elementor-element elementor-element-2432fdc elementor-widget elementor-widget-text-editor\" data-id=\"2432fdc\" data-element_type=\"widget\" data-widget_type=\"text-editor.default\">\n\t\t\t\t<div class=\"elementor-widget-container\">\n\t\t\t\t\t<div class=\"elementor-text-editor elementor-clearfix\"><p>Erpila sijaitsee Retulansaaressa kalaisan Vanajansel\u00e4n l\u00e4nsirannalla noin 25m rannasta.<\/p><\/div>\n\t\t\t\t<\/div>\n\t\t\t\t<\/div>\n\t\t\t\t<div class=\"elementor-element elementor-element-38b2e8b elementor-widget elementor-widget-spacer\" data-id=\"38b2e8b\" data-element_type=\"widget\" data-widget_type=\"spacer.default\">\n\t\t\t\t<div class=\"elementor-widget-container\">\n\t\t\t\t\t<div class=\"elementor-spacer\">\n\t\t\t<div class=\"elementor-spacer-inner\"><\/div>\n\t\t<\/div>\n\t\t\t\t<\/div>\n\t\t\t\t<\/div>\n\t\t\t\t<div class=\"elementor-element elementor-element-48a49c0 elementor-widget elementor-widget-text-editor\" data-id=\"48a49c0\" data-element_type=\"widget\" data-widget_type=\"text-editor.default\">\n\t\t\t\t<div class=\"elementor-widget-container\">\n\t\t\t\t\t<div class=\"elementor-text-editor elementor-clearfix\"><p>Erpila on 2003 valmistunut massiivihirsinen omaa designia oleva omakotitalovarusteltu vapaa-ajan asunto. Erpila sijaitsee Retulansaaressa kalaisan Vanajansel\u00e4n l\u00e4nsirannalla noin 25m rannasta. Lapsille sopiva loiva hiekkapohjainen ranta, ison laiturin p\u00e4\u00e4st\u00e4 p\u00e4\u00e4see my\u00f6s suoraan uimaan. Kalastusta harrastaville m\u00f6kilt\u00e4 l\u00f6ytyy kalastuslupa.<\/p><\/div>\n\t\t\t\t<\/div>\n\t\t\t\t<\/div>\n\t\t\t\t<div class=\"elementor-element elementor-element-ae7b901 elementor-widget elementor-widget-spacer\" data-id=\"ae7b901\" data-element_type=\"widget\" data-widget_type=\"spacer.default\">\n\t\t\t\t<div class=\"elementor-widget-container\">\n\t\t\t\t\t<div class=\"elementor-spacer\">\n\t\t\t<div class=\"elementor-spacer-inner\"><\/div>\n\t\t<\/div>\n\t\t\t\t<\/div>\n\t\t\t\t<\/div>\n\t\t\t\t<div class=\"elementor-element elementor-element-3eccbeb elementor-widget elementor-widget-text-editor\" data-id=\"3eccbeb\" data-element_type=\"widget\" data-widget_type=\"text-editor.default\">\n\t\t\t\t<div class=\"elementor-widget-container\">\n\t\t\t\t\t<div class=\"elementor-text-editor elementor-clearfix\"><p>M\u00f6kill\u00e4 on soutuvene ja kahdet pelastusliivit. Rannassa muurattu puugrilli ja lis\u00e4ksi terassilla on kaasugrilli.<\/p><\/div>\n\t\t\t\t<\/div>\n\t\t\t\t<\/div>\n\t\t\t\t<div class=\"elementor-element elementor-element-c56f182 elementor-widget elementor-widget-spacer\" data-id=\"c56f182\" data-element_type=\"widget\" data-widget_type=\"spacer.default\">\n\t\t\t\t<div class=\"elementor-widget-container\">\n\t\t\t\t\t<div class=\"elementor-spacer\">\n\t\t\t<div class=\"elementor-spacer-inner\"><\/div>\n\t\t<\/div>\n\t\t\t\t<\/div>\n\t\t\t\t<\/div>\n\t\t\t\t<div class=\"elementor-element elementor-element-8813158 elementor-widget elementor-widget-text-editor\" data-id=\"8813158\" data-element_type=\"widget\" data-widget_type=\"text-editor.default\">\n\t\t\t\t<div class=\"elementor-widget-container\">\n\t\t\t\t\t<div class=\"elementor-text-editor elementor-clearfix\"><p>K\u00e4yt\u00f6ss\u00e4si on 94 m2, lis\u00e4ksi kaksi katettua kuistia ja avoterassi (40 m2) ruokailuryhm\u00e4ll\u00e4. M\u00f6kiss\u00e4 on kaksi erillist\u00e4 makuuhuonetta, mutta lis\u00e4ksi on my\u00f6s k\u00e4yt\u00f6ss\u00e4 parvi, joten vuodepaikkoja on yhteens\u00e4 4 + 4. Olohuoneessa upea varaava liuskekivitakka sek\u00e4 taulu-tv, DVD-soitin ja radio. Keitti\u00f6ss\u00e4 nykyaikaiset mukavuudet, jonka yhteydess\u00e4 on katettu kuisti, jossa ruokailu onnistuu sateellakin. Lis\u00e4ksi m\u00f6kiss\u00e4 on erillinen WC ja eteinen.<\/p><p>Ylellisen isossa saunassa on jatkuval\u00e4mmitteinen puukiuas, erilliset pesuhuone ja pukuhuone, josta suora k\u00e4ynti ulos. Kaikissa huoneissa on lattial\u00e4mmitys.<\/p><p>Jotta m\u00f6kki s\u00e4ilyisi hyv\u00e4n\u00e4, j\u00e4t\u00e4mme keng\u00e4t eteiseen, lemmikit kotia ja tupakoimme vain ulkona. Talvisin pihassa auton l\u00e4mmityspistorasia sek\u00e4 riitt\u00e4v\u00e4t ulkovalot.<\/p><p>Hinnat perhehintoja (max 6 hl\u00f6).<\/p><p>Kes\u00e4 viikkovuokrauksessa lauantai klo 16.00 \u2013 lauantai klo 12.00.<\/p><ul><li>Sesonkien ulkopuolella perjantai klo 16.00 &#8211; perjantai 12.00.<\/li><li>Sesonkien ulkopuolella viikonloppuvuokraus perjantai 16.00 &#8211; sunnuntai 19.00<\/li><li>Loppusiivouksesta huolehtivat asukkaat itse (tarvittavat siivousv\u00e4lineet l\u00f6ytyv\u00e4t m\u00f6kilt\u00e4) tai sen voi tilata etuk\u00e4teen (90\u20ac).<\/li><li>Liinavaatteiden lainaaminen on my\u00f6s mahdollista (13\u20ac\/setti) sek\u00e4 vauvans\u00e4nky ja sy\u00f6tt\u00f6tuoli (\u00e25 \u20ac).<\/li><\/ul><ul><li><a href=\"http:\/\/www.huvila.net\/756\/\">Varaustilanne \/ hinnat Huvila.net<\/a><\/li><li><a href=\"mailto:myynti@retulansaari.fi\">Varaus<\/a><\/li><\/ul><\/div>\n\t\t\t\t<\/div>\n\t\t\t\t<\/div>\n\t\t\t\t<div class=\"elementor-element elementor-element-dd13275 elementor-widget elementor-widget-spacer\" data-id=\"dd13275\" data-element_type=\"widget\" data-widget_type=\"spacer.default\">\n\t\t\t\t<div class=\"elementor-widget-container\">\n\t\t\t\t\t<div class=\"elementor-spacer\">\n\t\t\t<div class=\"elementor-spacer-inner\"><\/div>\n\t\t<\/div>\n\t\t\t\t<\/div>\n\t\t\t\t<\/div>\n\t\t\t\t<div class=\"elementor-element elementor-element-7883427 elementor-widget elementor-widget-jet-portfolio\" data-id=\"7883427\" data-element_type=\"widget\" data-widget_type=\"jet-portfolio.default\">\n\t\t\t\t<div class=\"elementor-widget-container\">\n\t\t\t<div class=\"elementor-jet-portfolio jet-elements\">\n<div class=\"jet-portfolio layout-type-masonry preset-type-1 layout-desktop-column-4 layout-tablet-column-2 layout-mobile-column-1\" data-settings=\"{&quot;layoutType&quot;:&quot;masonry&quot;,&quot;columns&quot;:&quot;4&quot;,&quot;columnsTablet&quot;:&quot;2&quot;,&quot;columnsMobile&quot;:&quot;1&quot;,&quot;perPage&quot;:6}\"><div class=\"jet-portfolio__list\"><article class=\"jet-portfolio__item visible-status\" data-slug=\"{&quot;0&quot;:&quot;all&quot;}\">\n\t<div class=\"jet-portfolio__inner\">\n\t\t<a class=\"jet-portfolio__link \" href=\"http:\/\/retulansaari.fi\/wp-content\/uploads\/2024\/02\/IMG20240208112802.jpg\" data-elementor-open-lightbox=\"yes\">\n\t\t\t<div class=\"jet-portfolio__image\">\n\t\t\t\t<img loading=\"lazy\" decoding=\"async\" class=\"jet-portfolio__image-instance\" src=\"https:\/\/retulansaari.fi\/wp-content\/uploads\/2024\/02\/IMG20240208112802.jpg\" width=\"1306\" height=\"1741\"  alt=\"IMG20240208112802\">\t\t\t\t<div class=\"jet-portfolio__image-loader\"><span><\/span><\/div>\n\t\t\t<\/div>\n\t\t<\/a>\n\t\t<div class=\"jet-portfolio__content\">\n\t\t\t<div class=\"jet-portfolio__content-inner\"><\/div>\n\t\t<\/div>\n\n\t<\/div>\n<\/article><article class=\"jet-portfolio__item visible-status\" data-slug=\"{&quot;0&quot;:&quot;all&quot;}\">\n\t<div class=\"jet-portfolio__inner\">\n\t\t<a class=\"jet-portfolio__link \" href=\"http:\/\/retulansaari.fi\/wp-content\/uploads\/2024\/02\/IMG20240208111653.jpg\" data-elementor-open-lightbox=\"yes\">\n\t\t\t<div class=\"jet-portfolio__image\">\n\t\t\t\t<img loading=\"lazy\" decoding=\"async\" class=\"jet-portfolio__image-instance\" src=\"https:\/\/retulansaari.fi\/wp-content\/uploads\/2024\/02\/IMG20240208111653.jpg\" width=\"1432\" height=\"1909\"  alt=\"IMG20240208111653\">\t\t\t\t<div class=\"jet-portfolio__image-loader\"><span><\/span><\/div>\n\t\t\t<\/div>\n\t\t<\/a>\n\t\t<div class=\"jet-portfolio__content\">\n\t\t\t<div class=\"jet-portfolio__content-inner\"><\/div>\n\t\t<\/div>\n\n\t<\/div>\n<\/article><article class=\"jet-portfolio__item visible-status\" data-slug=\"{&quot;0&quot;:&quot;all&quot;}\">\n\t<div class=\"jet-portfolio__inner\">\n\t\t<a class=\"jet-portfolio__link \" href=\"http:\/\/retulansaari.fi\/wp-content\/uploads\/2024\/02\/IMG20240126130645-1.jpg\" data-elementor-open-lightbox=\"yes\">\n\t\t\t<div class=\"jet-portfolio__image\">\n\t\t\t\t<img loading=\"lazy\" decoding=\"async\" class=\"jet-portfolio__image-instance\" src=\"https:\/\/retulansaari.fi\/wp-content\/uploads\/2024\/02\/IMG20240126130645-1.jpg\" width=\"1341\" height=\"1788\"  alt=\"IMG20240126130645\">\t\t\t\t<div class=\"jet-portfolio__image-loader\"><span><\/span><\/div>\n\t\t\t<\/div>\n\t\t<\/a>\n\t\t<div class=\"jet-portfolio__content\">\n\t\t\t<div class=\"jet-portfolio__content-inner\"><\/div>\n\t\t<\/div>\n\n\t<\/div>\n<\/article><article class=\"jet-portfolio__item visible-status\" data-slug=\"{&quot;0&quot;:&quot;all&quot;}\">\n\t<div class=\"jet-portfolio__inner\">\n\t\t<a class=\"jet-portfolio__link \" href=\"http:\/\/retulansaari.fi\/wp-content\/uploads\/2024\/02\/IMG20240131111650_BURST001-1.jpg\" data-elementor-open-lightbox=\"yes\">\n\t\t\t<div class=\"jet-portfolio__image\">\n\t\t\t\t<img loading=\"lazy\" decoding=\"async\" class=\"jet-portfolio__image-instance\" src=\"https:\/\/retulansaari.fi\/wp-content\/uploads\/2024\/02\/IMG20240131111650_BURST001-1.jpg\" width=\"1815\" height=\"2420\"  alt=\"IMG20240131111650_BURST001\">\t\t\t\t<div class=\"jet-portfolio__image-loader\"><span><\/span><\/div>\n\t\t\t<\/div>\n\t\t<\/a>\n\t\t<div class=\"jet-portfolio__content\">\n\t\t\t<div class=\"jet-portfolio__content-inner\"><\/div>\n\t\t<\/div>\n\n\t<\/div>\n<\/article><article class=\"jet-portfolio__item visible-status\" data-slug=\"{&quot;0&quot;:&quot;all&quot;}\">\n\t<div class=\"jet-portfolio__inner\">\n\t\t<a class=\"jet-portfolio__link \" href=\"http:\/\/retulansaari.fi\/wp-content\/uploads\/2024\/02\/IMG20240131110758-1.jpg\" data-elementor-open-lightbox=\"yes\">\n\t\t\t<div class=\"jet-portfolio__image\">\n\t\t\t\t<img loading=\"lazy\" decoding=\"async\" class=\"jet-portfolio__image-instance\" src=\"https:\/\/retulansaari.fi\/wp-content\/uploads\/2024\/02\/IMG20240131110758-1.jpg\" width=\"2036\" height=\"1527\"  alt=\"IMG20240131110758\">\t\t\t\t<div class=\"jet-portfolio__image-loader\"><span><\/span><\/div>\n\t\t\t<\/div>\n\t\t<\/a>\n\t\t<div class=\"jet-portfolio__content\">\n\t\t\t<div class=\"jet-portfolio__content-inner\"><\/div>\n\t\t<\/div>\n\n\t<\/div>\n<\/article><article class=\"jet-portfolio__item visible-status\" data-slug=\"{&quot;0&quot;:&quot;all&quot;}\">\n\t<div class=\"jet-portfolio__inner\">\n\t\t<a class=\"jet-portfolio__link \" href=\"http:\/\/retulansaari.fi\/wp-content\/uploads\/2024\/02\/IMG20240208113147.jpg\" data-elementor-open-lightbox=\"yes\">\n\t\t\t<div class=\"jet-portfolio__image\">\n\t\t\t\t<img loading=\"lazy\" decoding=\"async\" class=\"jet-portfolio__image-instance\" src=\"https:\/\/retulansaari.fi\/wp-content\/uploads\/2024\/02\/IMG20240208113147.jpg\" width=\"1518\" height=\"2024\"  alt=\"IMG20240208113147\">\t\t\t\t<div class=\"jet-portfolio__image-loader\"><span><\/span><\/div>\n\t\t\t<\/div>\n\t\t<\/a>\n\t\t<div class=\"jet-portfolio__content\">\n\t\t\t<div class=\"jet-portfolio__content-inner\"><\/div>\n\t\t<\/div>\n\n\t<\/div>\n<\/article><article class=\"jet-portfolio__item visible-status\" data-slug=\"{&quot;0&quot;:&quot;all&quot;}\">\n\t<div class=\"jet-portfolio__inner\">\n\t\t<a class=\"jet-portfolio__link \" href=\"http:\/\/retulansaari.fi\/wp-content\/uploads\/2024\/02\/IMG20240208112216.jpg\" data-elementor-open-lightbox=\"yes\">\n\t\t\t<div class=\"jet-portfolio__image\">\n\t\t\t\t<img loading=\"lazy\" decoding=\"async\" class=\"jet-portfolio__image-instance\" src=\"https:\/\/retulansaari.fi\/wp-content\/uploads\/2024\/02\/IMG20240208112216.jpg\" width=\"1390\" height=\"1854\"  alt=\"IMG20240208112216\">\t\t\t\t<div class=\"jet-portfolio__image-loader\"><span><\/span><\/div>\n\t\t\t<\/div>\n\t\t<\/a>\n\t\t<div class=\"jet-portfolio__content\">\n\t\t\t<div class=\"jet-portfolio__content-inner\"><\/div>\n\t\t<\/div>\n\n\t<\/div>\n<\/article><article class=\"jet-portfolio__item visible-status\" data-slug=\"{&quot;0&quot;:&quot;all&quot;}\">\n\t<div class=\"jet-portfolio__inner\">\n\t\t<a class=\"jet-portfolio__link \" href=\"http:\/\/retulansaari.fi\/wp-content\/uploads\/2024\/02\/IMG20240208112246.jpg\" data-elementor-open-lightbox=\"yes\">\n\t\t\t<div class=\"jet-portfolio__image\">\n\t\t\t\t<img loading=\"lazy\" decoding=\"async\" class=\"jet-portfolio__image-instance\" src=\"https:\/\/retulansaari.fi\/wp-content\/uploads\/2024\/02\/IMG20240208112246.jpg\" width=\"1131\" height=\"1508\"  alt=\"IMG20240208112246\">\t\t\t\t<div class=\"jet-portfolio__image-loader\"><span><\/span><\/div>\n\t\t\t<\/div>\n\t\t<\/a>\n\t\t<div class=\"jet-portfolio__content\">\n\t\t\t<div class=\"jet-portfolio__content-inner\"><\/div>\n\t\t<\/div>\n\n\t<\/div>\n<\/article><\/div><\/div>\n<\/div>\t\t<\/div>\n\t\t\t\t<\/div>\n\t\t\t\t<div class=\"elementor-element elementor-element-9a67ee4 elementor-widget elementor-widget-spacer\" data-id=\"9a67ee4\" data-element_type=\"widget\" data-widget_type=\"spacer.default\">\n\t\t\t\t<div class=\"elementor-widget-container\">\n\t\t\t\t\t<div class=\"elementor-spacer\">\n\t\t\t<div class=\"elementor-spacer-inner\"><\/div>\n\t\t<\/div>\n\t\t\t\t<\/div>\n\t\t\t\t<\/div>\n\t\t\t\t\t\t<\/div>\n\t\t\t<\/div>\n\t\t<\/div>\n\t\t\t\t\t\t<\/div>\n\t\t\t<\/div>\n\t\t<\/section>\n\t\t\t\t\t\t<\/div>\n\t\t\t<\/div>\n\t\t<\/div>\n\t\t","protected":false},"excerpt":{"rendered":"<p>ErpilA Erpila sijaitsee Retulansaaressa kalaisan Vanajansel\u00e4n l\u00e4nsirannalla noin 25m rannasta. Erpila on 2003 valmistunut massiivihirsinen omaa designia oleva omakotitalovarusteltu vapaa-ajan asunto. Erpila sijaitsee Retulansaaressa kalaisan Vanajansel\u00e4n l\u00e4nsirannalla noin 25m rannasta. Lapsille sopiva loiva hiekkapohjainen ranta, ison laiturin p\u00e4\u00e4st\u00e4 p\u00e4\u00e4see my\u00f6s suoraan uimaan. Kalastusta harrastaville m\u00f6kilt\u00e4 l\u00f6ytyy kalastuslupa. M\u00f6kill\u00e4 on soutuvene ja kahdet pelastusliivit. Rannassa muurattu [&hellip;]<\/p>\n","protected":false},"author":7,"featured_media":0,"parent":0,"menu_order":0,"comment_status":"closed","ping_status":"closed","template":"page-templates\/fullwidth-content.php","meta":{"footnotes":""},"_links":{"self":[{"href":"https:\/\/retulansaari.fi\/index.php?rest_route=\/wp\/v2\/pages\/1052"}],"collection":[{"href":"https:\/\/retulansaari.fi\/index.php?rest_route=\/wp\/v2\/pages"}],"about":[{"href":"https:\/\/retulansaari.fi\/index.php?rest_route=\/wp\/v2\/types\/page"}],"author":[{"embeddable":true,"href":"https:\/\/retulansaari.fi\/index.php?rest_route=\/wp\/v2\/users\/7"}],"replies":[{"embeddable":true,"href":"https:\/\/retulansaari.fi\/index.php?rest_route=%2Fwp%2Fv2%2Fcomments&post=1052"}],"version-history":[{"count":20,"href":"https:\/\/retulansaari.fi\/index.php?rest_route=\/wp\/v2\/pages\/1052\/revisions"}],"predecessor-version":[{"id":1574,"href":"https:\/\/retulansaari.fi\/index.php?rest_route=\/wp\/v2\/pages\/1052\/revisions\/1574"}],"wp:attachment":[{"href":"https:\/\/retulansaari.fi\/index.php?rest_route=%2Fwp%2Fv2%2Fmedia&parent=1052"}],"curies":[{"name":"wp","href":"https:\/\/api.w.org\/{rel}","templated":true}]}}