{"id":1069,"date":"2020-07-29T10:27:34","date_gmt":"2020-07-29T10:27:34","guid":{"rendered":"https:\/\/retulansaari.fi\/?page_id=1069"},"modified":"2024-02-15T11:09:28","modified_gmt":"2024-02-15T11:09:28","slug":"ronjala","status":"publish","type":"page","link":"https:\/\/retulansaari.fi\/?page_id=1069","title":{"rendered":"Ronjala"},"content":{"rendered":"\t\t<div data-elementor-type=\"wp-post\" data-elementor-id=\"1069\" class=\"elementor elementor-1069\" data-elementor-settings=\"[]\">\n\t\t\t<div class=\"elementor-inner\">\n\t\t\t\t<div class=\"elementor-section-wrap\">\n\t\t\t\t\t\t\t<section class=\"elementor-element elementor-element-a4d997b elementor-section-boxed elementor-section-height-default elementor-section-height-default elementor-section elementor-top-section\" data-id=\"a4d997b\" data-element_type=\"section\">\n\t\t\t\t\t\t<div class=\"elementor-container elementor-column-gap-default\">\n\t\t\t\t<div class=\"elementor-row\">\n\t\t\t\t\t\t<\/div>\n\t\t\t<\/div>\n\t\t<\/section>\n\t\t\t\t<section class=\"elementor-element elementor-element-266fca4 elementor-section-boxed elementor-section-height-default elementor-section-height-default elementor-section elementor-top-section\" data-id=\"266fca4\" data-element_type=\"section\">\n\t\t\t\t\t\t<div class=\"elementor-container elementor-column-gap-default\">\n\t\t\t\t<div class=\"elementor-row\">\n\t\t\t\t<div class=\"elementor-element elementor-element-05cf49b elementor-column elementor-col-100 elementor-top-column\" data-id=\"05cf49b\" data-element_type=\"column\">\n\t\t\t<div class=\"elementor-column-wrap  elementor-element-populated\">\n\t\t\t\t\t<div class=\"elementor-widget-wrap\">\n\t\t\t\t<div class=\"elementor-element elementor-element-7553 elementor-widget elementor-widget-heading\" data-id=\"7553\" data-element_type=\"widget\" data-widget_type=\"heading.default\">\n\t\t\t\t<div class=\"elementor-widget-container\">\n\t\t\t<div class=\"elementor-heading-title elementor-size-default\">Ronjala<\/div>\t\t<\/div>\n\t\t\t\t<\/div>\n\t\t\t\t<div class=\"elementor-element elementor-element-c4c5520 elementor-widget elementor-widget-spacer\" data-id=\"c4c5520\" data-element_type=\"widget\" data-widget_type=\"spacer.default\">\n\t\t\t\t<div class=\"elementor-widget-container\">\n\t\t\t\t\t<div class=\"elementor-spacer\">\n\t\t\t<div class=\"elementor-spacer-inner\"><\/div>\n\t\t<\/div>\n\t\t\t\t<\/div>\n\t\t\t\t<\/div>\n\t\t\t\t<div class=\"elementor-element elementor-element-1b77985 elementor-widget elementor-widget-image\" data-id=\"1b77985\" data-element_type=\"widget\" data-widget_type=\"image.default\">\n\t\t\t\t<div class=\"elementor-widget-container\">\n\t\t\t\t\t<div class=\"elementor-image\">\n\t\t\t\t\t\t\t\t\t\t<img loading=\"lazy\" decoding=\"async\" width=\"1727\" height=\"1303\" src=\"https:\/\/retulansaari.fi\/wp-content\/uploads\/2024\/02\/Ronjala-syyskuva.jpeg\" class=\"attachment-full size-full\" alt=\"\" srcset=\"https:\/\/retulansaari.fi\/wp-content\/uploads\/2024\/02\/Ronjala-syyskuva.jpeg 1727w, https:\/\/retulansaari.fi\/wp-content\/uploads\/2024\/02\/Ronjala-syyskuva-300x226.jpeg 300w, https:\/\/retulansaari.fi\/wp-content\/uploads\/2024\/02\/Ronjala-syyskuva-1024x773.jpeg 1024w, https:\/\/retulansaari.fi\/wp-content\/uploads\/2024\/02\/Ronjala-syyskuva-768x579.jpeg 768w, https:\/\/retulansaari.fi\/wp-content\/uploads\/2024\/02\/Ronjala-syyskuva-1536x1159.jpeg 1536w, https:\/\/retulansaari.fi\/wp-content\/uploads\/2024\/02\/Ronjala-syyskuva-600x453.jpeg 600w\" sizes=\"(max-width: 1727px) 100vw, 1727px\" \/>\t\t\t\t\t\t\t\t\t\t\t<\/div>\n\t\t\t\t<\/div>\n\t\t\t\t<\/div>\n\t\t\t\t<div class=\"elementor-element elementor-element-8e15c02 elementor-widget elementor-widget-spacer\" data-id=\"8e15c02\" data-element_type=\"widget\" data-widget_type=\"spacer.default\">\n\t\t\t\t<div class=\"elementor-widget-container\">\n\t\t\t\t\t<div class=\"elementor-spacer\">\n\t\t\t<div class=\"elementor-spacer-inner\"><\/div>\n\t\t<\/div>\n\t\t\t\t<\/div>\n\t\t\t\t<\/div>\n\t\t\t\t<div class=\"elementor-element elementor-element-2432fdc elementor-widget elementor-widget-text-editor\" data-id=\"2432fdc\" data-element_type=\"widget\" data-widget_type=\"text-editor.default\">\n\t\t\t\t<div class=\"elementor-widget-container\">\n\t\t\t\t\t<div class=\"elementor-text-editor elementor-clearfix\"><p>Ronjala on vuonna 2002 nykyiseen asuunsa valmistunut idyllinen ja t\u00e4ysin varusteltu loma-asunto, vain 14 metri\u00e4 rannasta.<\/p><\/div>\n\t\t\t\t<\/div>\n\t\t\t\t<\/div>\n\t\t\t\t<div class=\"elementor-element elementor-element-38b2e8b elementor-widget elementor-widget-spacer\" data-id=\"38b2e8b\" data-element_type=\"widget\" data-widget_type=\"spacer.default\">\n\t\t\t\t<div class=\"elementor-widget-container\">\n\t\t\t\t\t<div class=\"elementor-spacer\">\n\t\t\t<div class=\"elementor-spacer-inner\"><\/div>\n\t\t<\/div>\n\t\t\t\t<\/div>\n\t\t\t\t<\/div>\n\t\t\t\t<div class=\"elementor-element elementor-element-48a49c0 elementor-widget elementor-widget-text-editor\" data-id=\"48a49c0\" data-element_type=\"widget\" data-widget_type=\"text-editor.default\">\n\t\t\t\t<div class=\"elementor-widget-container\">\n\t\t\t\t\t<div class=\"elementor-text-editor elementor-clearfix\"><p>Ronjala sijaitsee omassa rauhassa avaran Vanajan Sel\u00e4n rannassa etel\u00e4rinteess\u00e4. Vain puolentoista tunnin ajomatkan p\u00e4\u00e4ss\u00e4 Helsingist\u00e4. L\u00e4hist\u00f6ll\u00e4 sijaitsee Vitti\u00e4nlahden Natura-lintukohde jossa asustaa mm. kaulushaikaroita.<\/p><\/div>\n\t\t\t\t<\/div>\n\t\t\t\t<\/div>\n\t\t\t\t<div class=\"elementor-element elementor-element-ae7b901 elementor-widget elementor-widget-spacer\" data-id=\"ae7b901\" data-element_type=\"widget\" data-widget_type=\"spacer.default\">\n\t\t\t\t<div class=\"elementor-widget-container\">\n\t\t\t\t\t<div class=\"elementor-spacer\">\n\t\t\t<div class=\"elementor-spacer-inner\"><\/div>\n\t\t<\/div>\n\t\t\t\t<\/div>\n\t\t\t\t<\/div>\n\t\t\t\t<div class=\"elementor-element elementor-element-3eccbeb elementor-widget elementor-widget-text-editor\" data-id=\"3eccbeb\" data-element_type=\"widget\" data-widget_type=\"text-editor.default\">\n\t\t\t\t<div class=\"elementor-widget-container\">\n\t\t\t\t\t<div class=\"elementor-text-editor elementor-clearfix\"><p>Ronjala on kahden makuuhuoneen, tupakeitti\u00f6n, pesuhuoneen ja puul\u00e4mmitteisen saunan kokonaisuus (75m2). Pieni katettu kuisti avautuu j\u00e4rvelle p\u00e4in.<\/p><\/div>\n\t\t\t\t<\/div>\n\t\t\t\t<\/div>\n\t\t\t\t<div class=\"elementor-element elementor-element-c56f182 elementor-widget elementor-widget-spacer\" data-id=\"c56f182\" data-element_type=\"widget\" data-widget_type=\"spacer.default\">\n\t\t\t\t<div class=\"elementor-widget-container\">\n\t\t\t\t\t<div class=\"elementor-spacer\">\n\t\t\t<div class=\"elementor-spacer-inner\"><\/div>\n\t\t<\/div>\n\t\t\t\t<\/div>\n\t\t\t\t<\/div>\n\t\t\t\t<div class=\"elementor-element elementor-element-8813158 elementor-widget elementor-widget-text-editor\" data-id=\"8813158\" data-element_type=\"widget\" data-widget_type=\"text-editor.default\">\n\t\t\t\t<div class=\"elementor-widget-container\">\n\t\t\t\t\t<div class=\"elementor-text-editor elementor-clearfix\"><p>Aivan rannan tuntumassa on katettu kes\u00e4keitti\u00f6, jossa on muurattu grilli, s\u00e4hk\u00f6t, vesipiste ja kalansavustuslaatikko. Tietysti my\u00f6s laituri ja soutuvene ja kahdet pelastusliivit on k\u00e4yt\u00f6ss\u00e4. Laiturin p\u00e4\u00e4st\u00e4 p\u00e4\u00e4set suoraan uimaan, rannassa on lasten uimapaikka. Ranta on suhteellisen jyrkk\u00e4.<\/p><p><strong>M\u00f6kin varusteet:<\/strong> S\u00e4hk\u00f6l\u00e4mmitys, takka, suihkukaappi, lattial\u00e4mmitys pesuhuoneessa ja saunassa, wc, s\u00e4hk\u00f6hella, mikro, jenkkij\u00e4\u00e4kaappi, pieni tiskikone, kahvin -ja vedenkeitin, tv, radio, p\u00f6lynimuri ja silitysrauta ja -lauta.Toisessa makuuhuoneessa parivuode, toisessa kerross\u00e4nky + erillinen vuode.<\/p><p>Sis\u00e4tiloissa\u00a0<strong>ei\u00a0<\/strong><strong>tupakointia<\/strong>\u00a0ja\u00a0<strong>lemmikeist\u00e4 <\/strong>(katso varausehdot)\u00a0sovitaan erikseen.<\/p><ul><li>Viikkovuokrauksessa lauantai klo 17.00 \u2013 lauantai klo 13.00.<\/li><li>Sesonkien ulkopuolella perjantai klo 16.00 &#8211; perjantai 12.00.<\/li><li>Sesonkien ulkopuolella vklvuokraus perjantai 16.00 &#8211; sunnuntai 19.00<\/li><li>Loppusiivouksesta huolehtivat asukkaat itse (tarvittavat siivousv\u00e4lineet l\u00f6ytyv\u00e4t m\u00f6kilt\u00e4) tai sen voi tilata etuk\u00e4teen (90\u20ac).<\/li><li>Liinavaatteiden lainaaminen on my\u00f6s mahdollista (13\u20ac\/setti) sek\u00e4 vauvans\u00e4nky ja sy\u00f6tt\u00f6tuoli (\u00e25 \u20ac).<\/li><li><a href=\"http:\/\/www.huvila.net\/936\/\">Varaustilanne \/ hinnat Huvila.net<\/a><\/li><li><a href=\"mailto:myynti@retulansaari.fi\">Varaus<\/a><\/li><\/ul><\/div>\n\t\t\t\t<\/div>\n\t\t\t\t<\/div>\n\t\t\t\t<div class=\"elementor-element elementor-element-dd13275 elementor-widget elementor-widget-spacer\" data-id=\"dd13275\" data-element_type=\"widget\" data-widget_type=\"spacer.default\">\n\t\t\t\t<div class=\"elementor-widget-container\">\n\t\t\t\t\t<div class=\"elementor-spacer\">\n\t\t\t<div class=\"elementor-spacer-inner\"><\/div>\n\t\t<\/div>\n\t\t\t\t<\/div>\n\t\t\t\t<\/div>\n\t\t\t\t<div class=\"elementor-element elementor-element-7883427 elementor-widget elementor-widget-jet-portfolio\" data-id=\"7883427\" data-element_type=\"widget\" data-widget_type=\"jet-portfolio.default\">\n\t\t\t\t<div class=\"elementor-widget-container\">\n\t\t\t<div class=\"elementor-jet-portfolio jet-elements\">\n<div class=\"jet-portfolio layout-type-masonry preset-type-1 layout-desktop-column-4 layout-tablet-column-2 layout-mobile-column-1\" data-settings=\"{&quot;layoutType&quot;:&quot;masonry&quot;,&quot;columns&quot;:&quot;4&quot;,&quot;columnsTablet&quot;:&quot;2&quot;,&quot;columnsMobile&quot;:&quot;1&quot;,&quot;perPage&quot;:6}\"><div class=\"jet-portfolio__list\"><article class=\"jet-portfolio__item visible-status\" data-slug=\"{&quot;0&quot;:&quot;all&quot;}\">\n\t<div class=\"jet-portfolio__inner\">\n\t\t<a class=\"jet-portfolio__link \" href=\"https:\/\/retulansaari.fi\/wp-content\/uploads\/2020\/07\/IMG_20200131_095358-1.jpg\" data-elementor-open-lightbox=\"yes\">\n\t\t\t<div class=\"jet-portfolio__image\">\n\t\t\t\t<img loading=\"lazy\" decoding=\"async\" class=\"jet-portfolio__image-instance\" src=\"https:\/\/retulansaari.fi\/wp-content\/uploads\/2020\/07\/IMG_20200131_095358-1.jpg\" width=\"4032\" height=\"3024\"  alt=\"IMG_20200131_095358\">\t\t\t\t<div class=\"jet-portfolio__image-loader\"><span><\/span><\/div>\n\t\t\t<\/div>\n\t\t<\/a>\n\t\t<div class=\"jet-portfolio__content\">\n\t\t\t<div class=\"jet-portfolio__content-inner\"><\/div>\n\t\t<\/div>\n\n\t<\/div>\n<\/article><article class=\"jet-portfolio__item visible-status\" data-slug=\"{&quot;0&quot;:&quot;all&quot;}\">\n\t<div class=\"jet-portfolio__inner\">\n\t\t<a class=\"jet-portfolio__link \" href=\"https:\/\/retulansaari.fi\/wp-content\/uploads\/2020\/07\/IMG_20200131_094715.jpg\" data-elementor-open-lightbox=\"yes\">\n\t\t\t<div class=\"jet-portfolio__image\">\n\t\t\t\t<img loading=\"lazy\" decoding=\"async\" class=\"jet-portfolio__image-instance\" src=\"https:\/\/retulansaari.fi\/wp-content\/uploads\/2020\/07\/IMG_20200131_094715.jpg\" width=\"4032\" height=\"3024\"  alt=\"IMG_20200131_094715\">\t\t\t\t<div class=\"jet-portfolio__image-loader\"><span><\/span><\/div>\n\t\t\t<\/div>\n\t\t<\/a>\n\t\t<div class=\"jet-portfolio__content\">\n\t\t\t<div class=\"jet-portfolio__content-inner\"><\/div>\n\t\t<\/div>\n\n\t<\/div>\n<\/article><article class=\"jet-portfolio__item visible-status\" data-slug=\"{&quot;0&quot;:&quot;all&quot;}\">\n\t<div class=\"jet-portfolio__inner\">\n\t\t<a class=\"jet-portfolio__link \" href=\"https:\/\/retulansaari.fi\/wp-content\/uploads\/2020\/07\/IMG_20200131_095531.jpg\" data-elementor-open-lightbox=\"yes\">\n\t\t\t<div class=\"jet-portfolio__image\">\n\t\t\t\t<img loading=\"lazy\" decoding=\"async\" class=\"jet-portfolio__image-instance\" src=\"https:\/\/retulansaari.fi\/wp-content\/uploads\/2020\/07\/IMG_20200131_095531.jpg\" width=\"4032\" height=\"3024\"  alt=\"IMG_20200131_095531\">\t\t\t\t<div class=\"jet-portfolio__image-loader\"><span><\/span><\/div>\n\t\t\t<\/div>\n\t\t<\/a>\n\t\t<div class=\"jet-portfolio__content\">\n\t\t\t<div class=\"jet-portfolio__content-inner\"><\/div>\n\t\t<\/div>\n\n\t<\/div>\n<\/article><article class=\"jet-portfolio__item visible-status\" data-slug=\"{&quot;0&quot;:&quot;all&quot;}\">\n\t<div class=\"jet-portfolio__inner\">\n\t\t<a class=\"jet-portfolio__link \" href=\"https:\/\/retulansaari.fi\/wp-content\/uploads\/2020\/07\/IMG_20200131_100245.jpg\" data-elementor-open-lightbox=\"yes\">\n\t\t\t<div class=\"jet-portfolio__image\">\n\t\t\t\t<img loading=\"lazy\" decoding=\"async\" class=\"jet-portfolio__image-instance\" src=\"https:\/\/retulansaari.fi\/wp-content\/uploads\/2020\/07\/IMG_20200131_100245.jpg\" width=\"4032\" height=\"3024\"  alt=\"IMG_20200131_100245\">\t\t\t\t<div class=\"jet-portfolio__image-loader\"><span><\/span><\/div>\n\t\t\t<\/div>\n\t\t<\/a>\n\t\t<div class=\"jet-portfolio__content\">\n\t\t\t<div class=\"jet-portfolio__content-inner\"><\/div>\n\t\t<\/div>\n\n\t<\/div>\n<\/article><\/div><\/div>\n<\/div>\t\t<\/div>\n\t\t\t\t<\/div>\n\t\t\t\t<div class=\"elementor-element elementor-element-9a67ee4 elementor-widget elementor-widget-spacer\" data-id=\"9a67ee4\" data-element_type=\"widget\" data-widget_type=\"spacer.default\">\n\t\t\t\t<div class=\"elementor-widget-container\">\n\t\t\t\t\t<div class=\"elementor-spacer\">\n\t\t\t<div class=\"elementor-spacer-inner\"><\/div>\n\t\t<\/div>\n\t\t\t\t<\/div>\n\t\t\t\t<\/div>\n\t\t\t\t\t\t<\/div>\n\t\t\t<\/div>\n\t\t<\/div>\n\t\t\t\t\t\t<\/div>\n\t\t\t<\/div>\n\t\t<\/section>\n\t\t\t\t\t\t<\/div>\n\t\t\t<\/div>\n\t\t<\/div>\n\t\t","protected":false},"excerpt":{"rendered":"<p>Ronjala Ronjala on vuonna 2002 nykyiseen asuunsa valmistunut idyllinen ja t\u00e4ysin varusteltu loma-asunto, vain 14 metri\u00e4 rannasta. Ronjala sijaitsee omassa rauhassa avaran Vanajan Sel\u00e4n rannassa etel\u00e4rinteess\u00e4. Vain puolentoista tunnin ajomatkan p\u00e4\u00e4ss\u00e4 Helsingist\u00e4. L\u00e4hist\u00f6ll\u00e4 sijaitsee Vitti\u00e4nlahden Natura-lintukohde jossa asustaa mm. kaulushaikaroita. Ronjala on kahden makuuhuoneen, tupakeitti\u00f6n, pesuhuoneen ja puul\u00e4mmitteisen saunan kokonaisuus (75m2). Pieni katettu kuisti avautuu [&hellip;]<\/p>\n","protected":false},"author":7,"featured_media":0,"parent":0,"menu_order":0,"comment_status":"closed","ping_status":"closed","template":"page-templates\/fullwidth-content.php","meta":{"footnotes":""},"_links":{"self":[{"href":"https:\/\/retulansaari.fi\/index.php?rest_route=\/wp\/v2\/pages\/1069"}],"collection":[{"href":"https:\/\/retulansaari.fi\/index.php?rest_route=\/wp\/v2\/pages"}],"about":[{"href":"https:\/\/retulansaari.fi\/index.php?rest_route=\/wp\/v2\/types\/page"}],"author":[{"embeddable":true,"href":"https:\/\/retulansaari.fi\/index.php?rest_route=\/wp\/v2\/users\/7"}],"replies":[{"embeddable":true,"href":"https:\/\/retulansaari.fi\/index.php?rest_route=%2Fwp%2Fv2%2Fcomments&post=1069"}],"version-history":[{"count":4,"href":"https:\/\/retulansaari.fi\/index.php?rest_route=\/wp\/v2\/pages\/1069\/revisions"}],"predecessor-version":[{"id":1420,"href":"https:\/\/retulansaari.fi\/index.php?rest_route=\/wp\/v2\/pages\/1069\/revisions\/1420"}],"wp:attachment":[{"href":"https:\/\/retulansaari.fi\/index.php?rest_route=%2Fwp%2Fv2%2Fmedia&parent=1069"}],"curies":[{"name":"wp","href":"https:\/\/api.w.org\/{rel}","templated":true}]}}