{"id":1289,"date":"2020-08-06T18:09:13","date_gmt":"2020-08-06T18:09:13","guid":{"rendered":"https:\/\/retulansaari.fi\/?page_id=1289"},"modified":"2024-02-19T07:28:33","modified_gmt":"2024-02-19T07:28:33","slug":"kipalaen","status":"publish","type":"page","link":"https:\/\/retulansaari.fi\/?page_id=1289&lang=en","title":{"rendered":"Kipala"},"content":{"rendered":"\t\t<div data-elementor-type=\"wp-post\" data-elementor-id=\"1289\" class=\"elementor elementor-1289\" data-elementor-settings=\"[]\">\n\t\t\t<div class=\"elementor-inner\">\n\t\t\t\t<div class=\"elementor-section-wrap\">\n\t\t\t\t\t\t\t<section class=\"elementor-element elementor-element-fe9d749 elementor-section-boxed elementor-section-height-default elementor-section-height-default elementor-section elementor-top-section\" data-id=\"fe9d749\" data-element_type=\"section\">\n\t\t\t\t\t\t<div class=\"elementor-container elementor-column-gap-default\">\n\t\t\t\t<div class=\"elementor-row\">\n\t\t\t\t<div class=\"elementor-element elementor-element-1982324 elementor-column elementor-col-100 elementor-top-column\" data-id=\"1982324\" data-element_type=\"column\">\n\t\t\t<div class=\"elementor-column-wrap\">\n\t\t\t\t\t<div class=\"elementor-widget-wrap\">\n\t\t\t\t\t\t<\/div>\n\t\t\t<\/div>\n\t\t<\/div>\n\t\t\t\t\t\t<\/div>\n\t\t\t<\/div>\n\t\t<\/section>\n\t\t\t\t<section class=\"elementor-element elementor-element-933383e elementor-section-boxed elementor-section-height-default elementor-section-height-default elementor-section elementor-top-section\" data-id=\"933383e\" data-element_type=\"section\">\n\t\t\t\t\t\t<div class=\"elementor-container elementor-column-gap-default\">\n\t\t\t\t<div class=\"elementor-row\">\n\t\t\t\t<div class=\"elementor-element elementor-element-6310b70 elementor-column elementor-col-100 elementor-top-column\" data-id=\"6310b70\" data-element_type=\"column\">\n\t\t\t<div class=\"elementor-column-wrap  elementor-element-populated\">\n\t\t\t\t\t<div class=\"elementor-widget-wrap\">\n\t\t\t\t<div class=\"elementor-element elementor-element-1bc5333 elementor-widget elementor-widget-heading\" data-id=\"1bc5333\" data-element_type=\"widget\" data-widget_type=\"heading.default\">\n\t\t\t\t<div class=\"elementor-widget-container\">\n\t\t\t<div class=\"elementor-heading-title elementor-size-default\">Kipala<\/div>\t\t<\/div>\n\t\t\t\t<\/div>\n\t\t\t\t<div class=\"elementor-element elementor-element-30f99e9 elementor-widget elementor-widget-spacer\" data-id=\"30f99e9\" data-element_type=\"widget\" data-widget_type=\"spacer.default\">\n\t\t\t\t<div class=\"elementor-widget-container\">\n\t\t\t\t\t<div class=\"elementor-spacer\">\n\t\t\t<div class=\"elementor-spacer-inner\"><\/div>\n\t\t<\/div>\n\t\t\t\t<\/div>\n\t\t\t\t<\/div>\n\t\t\t\t<div class=\"elementor-element elementor-element-1a45bc6 elementor-widget elementor-widget-image\" data-id=\"1a45bc6\" data-element_type=\"widget\" data-widget_type=\"image.default\">\n\t\t\t\t<div class=\"elementor-widget-container\">\n\t\t\t\t\t<div class=\"elementor-image\">\n\t\t\t\t\t\t\t\t\t\t<img loading=\"lazy\" decoding=\"async\" width=\"4032\" height=\"3024\" src=\"https:\/\/retulansaari.fi\/wp-content\/uploads\/2020\/07\/IMG_20200720_121037-1.jpg\" class=\"attachment-full size-full\" alt=\"\" \/>\t\t\t\t\t\t\t\t\t\t\t<\/div>\n\t\t\t\t<\/div>\n\t\t\t\t<\/div>\n\t\t\t\t<div class=\"elementor-element elementor-element-3311c83 elementor-widget elementor-widget-spacer\" data-id=\"3311c83\" data-element_type=\"widget\" data-widget_type=\"spacer.default\">\n\t\t\t\t<div class=\"elementor-widget-container\">\n\t\t\t\t\t<div class=\"elementor-spacer\">\n\t\t\t<div class=\"elementor-spacer-inner\"><\/div>\n\t\t<\/div>\n\t\t\t\t<\/div>\n\t\t\t\t<\/div>\n\t\t\t\t<div class=\"elementor-element elementor-element-d898dfe elementor-widget elementor-widget-text-editor\" data-id=\"d898dfe\" data-element_type=\"widget\" data-widget_type=\"text-editor.default\">\n\t\t\t\t<div class=\"elementor-widget-container\">\n\t\t\t\t\t<div class=\"elementor-text-editor elementor-clearfix\"><p>Tasainen rauhallinen tontti, kolmella vanhalla m\u00f6kill\u00e4 jotka peruskunnostettuja 2001 ja 2023.<\/p><\/div>\n\t\t\t\t<\/div>\n\t\t\t\t<\/div>\n\t\t\t\t<div class=\"elementor-element elementor-element-08f131c elementor-widget elementor-widget-spacer\" data-id=\"08f131c\" data-element_type=\"widget\" data-widget_type=\"spacer.default\">\n\t\t\t\t<div class=\"elementor-widget-container\">\n\t\t\t\t\t<div class=\"elementor-spacer\">\n\t\t\t<div class=\"elementor-spacer-inner\"><\/div>\n\t\t<\/div>\n\t\t\t\t<\/div>\n\t\t\t\t<\/div>\n\t\t\t\t<div class=\"elementor-element elementor-element-cf2e883 elementor-widget elementor-widget-text-editor\" data-id=\"cf2e883\" data-element_type=\"widget\" data-widget_type=\"text-editor.default\">\n\t\t\t\t<div class=\"elementor-widget-container\">\n\t\t\t\t\t<div class=\"elementor-text-editor elementor-clearfix\"><p>Kipala on Vanajaveden sel\u00e4n rannassa oleva rauhaisa m\u00f6kki. Erilliset makuuaitat tekev\u00e4t paikasta idyllisen kes\u00e4nviettoon. Perinteist\u00e4 m\u00f6kkeily\u00e4 suosiville. Tontti on aurinkoinen ja ilta-auringosta voi nauttia kuistilla tai saunan lauteilta.<\/p><\/div>\n\t\t\t\t<\/div>\n\t\t\t\t<\/div>\n\t\t\t\t<div class=\"elementor-element elementor-element-39c49ff elementor-widget elementor-widget-spacer\" data-id=\"39c49ff\" data-element_type=\"widget\" data-widget_type=\"spacer.default\">\n\t\t\t\t<div class=\"elementor-widget-container\">\n\t\t\t\t\t<div class=\"elementor-spacer\">\n\t\t\t<div class=\"elementor-spacer-inner\"><\/div>\n\t\t<\/div>\n\t\t\t\t<\/div>\n\t\t\t\t<\/div>\n\t\t\t\t<div class=\"elementor-element elementor-element-90905ac elementor-widget elementor-widget-text-editor\" data-id=\"90905ac\" data-element_type=\"widget\" data-widget_type=\"text-editor.default\">\n\t\t\t\t<div class=\"elementor-widget-container\">\n\t\t\t\t\t<div class=\"elementor-text-editor elementor-clearfix\"><p>M\u00f6kill\u00e4 on soutuvene ja kahdet pelastusliivit. Rannassa muurattu puugrilli sek\u00e4 mahdollisuus savustaaa kalaa, lis\u00e4ksi terassilla on kaasugrilli.<\/p><\/div>\n\t\t\t\t<\/div>\n\t\t\t\t<\/div>\n\t\t\t\t<div class=\"elementor-element elementor-element-d9bb86e elementor-widget elementor-widget-spacer\" data-id=\"d9bb86e\" data-element_type=\"widget\" data-widget_type=\"spacer.default\">\n\t\t\t\t<div class=\"elementor-widget-container\">\n\t\t\t\t\t<div class=\"elementor-spacer\">\n\t\t\t<div class=\"elementor-spacer-inner\"><\/div>\n\t\t<\/div>\n\t\t\t\t<\/div>\n\t\t\t\t<\/div>\n\t\t\t\t<div class=\"elementor-element elementor-element-224b0ad elementor-widget elementor-widget-text-editor\" data-id=\"224b0ad\" data-element_type=\"widget\" data-widget_type=\"text-editor.default\">\n\t\t\t\t<div class=\"elementor-widget-container\">\n\t\t\t\t\t<div class=\"elementor-text-editor elementor-clearfix\"><ul><li><p>Soveltuu parhaiten pariskunnalle tai pienelle perheelle.<\/p><p>M\u00f6kiss\u00e4 tupakeitti\u00f6 + pukuhuone + sauna. Lis\u00e4ksi erillinen nukkuma-aitta 20 m2, jossa 1x 160cm vuode + vuodesohva, s\u00e4hk\u00f6l\u00e4mmitys. Aitassa my\u00f6s TV ja radio. Varaston p\u00e4\u00e4dyss\u00e4 lis\u00e4majoitushuone kahdella vuoteella (80 cm). Kaikki tilat ovat s\u00e4hk\u00f6l\u00e4mmitteisi\u00e4.<\/p><p><strong>M\u00f6kin varusteet:<\/strong>\u00a0S\u00e4hk\u00f6l\u00e4mmitys, kamiina, liesi, mikro, jenkkij\u00e4\u00e4kaappi, kahvin -ja vedenkeitin, p\u00f6lynimuri. L\u00e4mmin juokseva vesi keitti\u00f6ss\u00e4. Sauna puul\u00e4mmitteinen + pata, kylm\u00e4vesi hanasta.<\/p><p>Laituri ja soutuvene kaksilla kelluntaliiveill\u00e4. My\u00f6s katista ja siihen kalatuslupa. Ulkok\u00e4ym\u00e4l\u00e4. Pihassa grillikatos kes\u00e4keitti\u00f6ll\u00e4 ja puutarhakalusteilla. Lis\u00e4ksi erillinen grilli.<\/p><p>Sis\u00e4tiloissa\u00a0<strong>ei\u00a0<\/strong><strong>tupakointia<\/strong>\u00a0ja\u00a0<strong>lemmikeist\u00e4<\/strong>\u00a0sovitaan erikseen.<\/p><ul><li>Viikkovuokrauksessa maanantai klo 12.00 \u2013 sunnuntai klo 19.00.<\/li><li>Viikonloppuvuokraus sesongin ulkopuolella pe klo 16 &#8211; su 19.<\/li><li>Loppusiivouksesta huolehtivat asukkaat itse (tarvittavat siivousv\u00e4lineet l\u00f6ytyv\u00e4t m\u00f6kilt\u00e4) tai sen voi tilata etuk\u00e4teen (90\u20ac).<\/li><li>Liinavaatteiden lainaaminen on my\u00f6s mahdollista (13\u20ac\/setti) sek\u00e4 vauvans\u00e4nky ja sy\u00f6tt\u00f6tuoli (\u00e25 \u20ac).<\/li><\/ul><ul><li><a href=\"http:\/\/www.huvila.net\/811\/\">Varaustilanne \/ hinnat Huvila.net<\/a><\/li><li><a href=\"mailto:myynti@retulansaari.fi\">Varaus<\/a><\/li><\/ul><\/li><\/ul><\/div>\n\t\t\t\t<\/div>\n\t\t\t\t<\/div>\n\t\t\t\t<div class=\"elementor-element elementor-element-c85fc46 elementor-widget elementor-widget-spacer\" data-id=\"c85fc46\" data-element_type=\"widget\" data-widget_type=\"spacer.default\">\n\t\t\t\t<div class=\"elementor-widget-container\">\n\t\t\t\t\t<div class=\"elementor-spacer\">\n\t\t\t<div class=\"elementor-spacer-inner\"><\/div>\n\t\t<\/div>\n\t\t\t\t<\/div>\n\t\t\t\t<\/div>\n\t\t\t\t<div class=\"elementor-element elementor-element-ae55a68 elementor-widget elementor-widget-jet-portfolio\" data-id=\"ae55a68\" data-element_type=\"widget\" data-widget_type=\"jet-portfolio.default\">\n\t\t\t\t<div class=\"elementor-widget-container\">\n\t\t\t<div class=\"elementor-jet-portfolio jet-elements\">\n<div class=\"jet-portfolio layout-type-masonry preset-type-1 layout-desktop-column-4 layout-tablet-column-2 layout-mobile-column-1\" data-settings=\"{&quot;layoutType&quot;:&quot;masonry&quot;,&quot;columns&quot;:&quot;4&quot;,&quot;columnsTablet&quot;:&quot;2&quot;,&quot;columnsMobile&quot;:&quot;1&quot;,&quot;perPage&quot;:6}\"><div class=\"jet-portfolio__list\"><article class=\"jet-portfolio__item visible-status\" data-slug=\"{&quot;0&quot;:&quot;all&quot;}\">\n\t<div class=\"jet-portfolio__inner\">\n\t\t<a class=\"jet-portfolio__link \" href=\"https:\/\/retulansaari.fi\/wp-content\/uploads\/2020\/07\/IMG_5909.jpg\" data-elementor-open-lightbox=\"yes\">\n\t\t\t<div class=\"jet-portfolio__image\">\n\t\t\t\t<img loading=\"lazy\" decoding=\"async\" class=\"jet-portfolio__image-instance\" src=\"https:\/\/retulansaari.fi\/wp-content\/uploads\/2020\/07\/IMG_5909.jpg\" width=\"2592\" height=\"1728\"  alt=\"IMG_5909\">\t\t\t\t<div class=\"jet-portfolio__image-loader\"><span><\/span><\/div>\n\t\t\t<\/div>\n\t\t<\/a>\n\t\t<div class=\"jet-portfolio__content\">\n\t\t\t<div class=\"jet-portfolio__content-inner\"><\/div>\n\t\t<\/div>\n\n\t<\/div>\n<\/article><article class=\"jet-portfolio__item visible-status\" data-slug=\"{&quot;0&quot;:&quot;all&quot;}\">\n\t<div class=\"jet-portfolio__inner\">\n\t\t<a class=\"jet-portfolio__link \" href=\"https:\/\/retulansaari.fi\/wp-content\/uploads\/2020\/07\/IMG_20200720_121134.jpg\" data-elementor-open-lightbox=\"yes\">\n\t\t\t<div class=\"jet-portfolio__image\">\n\t\t\t\t<img loading=\"lazy\" decoding=\"async\" class=\"jet-portfolio__image-instance\" src=\"https:\/\/retulansaari.fi\/wp-content\/uploads\/2020\/07\/IMG_20200720_121134.jpg\" width=\"4032\" height=\"3024\"  alt=\"IMG_20200720_121134\">\t\t\t\t<div class=\"jet-portfolio__image-loader\"><span><\/span><\/div>\n\t\t\t<\/div>\n\t\t<\/a>\n\t\t<div class=\"jet-portfolio__content\">\n\t\t\t<div class=\"jet-portfolio__content-inner\"><\/div>\n\t\t<\/div>\n\n\t<\/div>\n<\/article><article class=\"jet-portfolio__item visible-status\" data-slug=\"{&quot;0&quot;:&quot;all&quot;}\">\n\t<div class=\"jet-portfolio__inner\">\n\t\t<a class=\"jet-portfolio__link \" href=\"http:\/\/retulansaari.fi\/wp-content\/uploads\/2024\/02\/IMG20230505185907-1-scaled.jpg\" data-elementor-open-lightbox=\"yes\">\n\t\t\t<div class=\"jet-portfolio__image\">\n\t\t\t\t<img loading=\"lazy\" decoding=\"async\" class=\"jet-portfolio__image-instance\" src=\"https:\/\/retulansaari.fi\/wp-content\/uploads\/2024\/02\/IMG20230505185907-1-scaled.jpg\" width=\"2560\" height=\"1920\"  alt=\"IMG20230505185907\">\t\t\t\t<div class=\"jet-portfolio__image-loader\"><span><\/span><\/div>\n\t\t\t<\/div>\n\t\t<\/a>\n\t\t<div class=\"jet-portfolio__content\">\n\t\t\t<div class=\"jet-portfolio__content-inner\"><\/div>\n\t\t<\/div>\n\n\t<\/div>\n<\/article><article class=\"jet-portfolio__item visible-status\" data-slug=\"{&quot;0&quot;:&quot;all&quot;}\">\n\t<div class=\"jet-portfolio__inner\">\n\t\t<a class=\"jet-portfolio__link \" href=\"https:\/\/retulansaari.fi\/wp-content\/uploads\/2020\/08\/IMG_20200720_121221.jpg\" data-elementor-open-lightbox=\"yes\">\n\t\t\t<div class=\"jet-portfolio__image\">\n\t\t\t\t<img loading=\"lazy\" decoding=\"async\" class=\"jet-portfolio__image-instance\" src=\"https:\/\/retulansaari.fi\/wp-content\/uploads\/2020\/08\/IMG_20200720_121221.jpg\" width=\"1008\" height=\"756\"  alt=\"IMG_20200720_121221\">\t\t\t\t<div class=\"jet-portfolio__image-loader\"><span><\/span><\/div>\n\t\t\t<\/div>\n\t\t<\/a>\n\t\t<div class=\"jet-portfolio__content\">\n\t\t\t<div class=\"jet-portfolio__content-inner\"><\/div>\n\t\t<\/div>\n\n\t<\/div>\n<\/article><article class=\"jet-portfolio__item visible-status\" data-slug=\"{&quot;0&quot;:&quot;all&quot;}\">\n\t<div class=\"jet-portfolio__inner\">\n\t\t<a class=\"jet-portfolio__link \" href=\"http:\/\/retulansaari.fi\/wp-content\/uploads\/2024\/02\/IMG20230518214023-2-scaled.jpg\" data-elementor-open-lightbox=\"yes\">\n\t\t\t<div class=\"jet-portfolio__image\">\n\t\t\t\t<img loading=\"lazy\" decoding=\"async\" class=\"jet-portfolio__image-instance\" src=\"https:\/\/retulansaari.fi\/wp-content\/uploads\/2024\/02\/IMG20230518214023-2-scaled.jpg\" width=\"2560\" height=\"1920\"  alt=\"IMG20230518214023\">\t\t\t\t<div class=\"jet-portfolio__image-loader\"><span><\/span><\/div>\n\t\t\t<\/div>\n\t\t<\/a>\n\t\t<div class=\"jet-portfolio__content\">\n\t\t\t<div class=\"jet-portfolio__content-inner\"><\/div>\n\t\t<\/div>\n\n\t<\/div>\n<\/article><article class=\"jet-portfolio__item visible-status\" data-slug=\"{&quot;0&quot;:&quot;all&quot;}\">\n\t<div class=\"jet-portfolio__inner\">\n\t\t<a class=\"jet-portfolio__link \" href=\"http:\/\/retulansaari.fi\/wp-content\/uploads\/2024\/02\/IMG20230516103945-2-scaled.jpg\" data-elementor-open-lightbox=\"yes\">\n\t\t\t<div class=\"jet-portfolio__image\">\n\t\t\t\t<img loading=\"lazy\" decoding=\"async\" class=\"jet-portfolio__image-instance\" src=\"https:\/\/retulansaari.fi\/wp-content\/uploads\/2024\/02\/IMG20230516103945-2-scaled.jpg\" width=\"2560\" height=\"1920\"  alt=\"IMG20230516103945\">\t\t\t\t<div class=\"jet-portfolio__image-loader\"><span><\/span><\/div>\n\t\t\t<\/div>\n\t\t<\/a>\n\t\t<div class=\"jet-portfolio__content\">\n\t\t\t<div class=\"jet-portfolio__content-inner\"><\/div>\n\t\t<\/div>\n\n\t<\/div>\n<\/article><article class=\"jet-portfolio__item visible-status\" data-slug=\"{&quot;0&quot;:&quot;all&quot;}\">\n\t<div class=\"jet-portfolio__inner\">\n\t\t<a class=\"jet-portfolio__link \" href=\"http:\/\/retulansaari.fi\/wp-content\/uploads\/2024\/02\/IMG20230520182839-2-scaled.jpg\" data-elementor-open-lightbox=\"yes\">\n\t\t\t<div class=\"jet-portfolio__image\">\n\t\t\t\t<img loading=\"lazy\" decoding=\"async\" class=\"jet-portfolio__image-instance\" src=\"https:\/\/retulansaari.fi\/wp-content\/uploads\/2024\/02\/IMG20230520182839-2-scaled.jpg\" width=\"2560\" height=\"1920\"  alt=\"IMG20230520182839\">\t\t\t\t<div class=\"jet-portfolio__image-loader\"><span><\/span><\/div>\n\t\t\t<\/div>\n\t\t<\/a>\n\t\t<div class=\"jet-portfolio__content\">\n\t\t\t<div class=\"jet-portfolio__content-inner\"><\/div>\n\t\t<\/div>\n\n\t<\/div>\n<\/article><article class=\"jet-portfolio__item visible-status\" data-slug=\"{&quot;0&quot;:&quot;all&quot;}\">\n\t<div class=\"jet-portfolio__inner\">\n\t\t<a class=\"jet-portfolio__link \" href=\"http:\/\/retulansaari.fi\/wp-content\/uploads\/2024\/02\/IMG20230520182544-2-scaled.jpg\" data-elementor-open-lightbox=\"yes\">\n\t\t\t<div class=\"jet-portfolio__image\">\n\t\t\t\t<img loading=\"lazy\" decoding=\"async\" class=\"jet-portfolio__image-instance\" src=\"https:\/\/retulansaari.fi\/wp-content\/uploads\/2024\/02\/IMG20230520182544-2-scaled.jpg\" width=\"2560\" height=\"1920\"  alt=\"IMG20230520182544\">\t\t\t\t<div class=\"jet-portfolio__image-loader\"><span><\/span><\/div>\n\t\t\t<\/div>\n\t\t<\/a>\n\t\t<div class=\"jet-portfolio__content\">\n\t\t\t<div class=\"jet-portfolio__content-inner\"><\/div>\n\t\t<\/div>\n\n\t<\/div>\n<\/article><\/div><\/div>\n<\/div>\t\t<\/div>\n\t\t\t\t<\/div>\n\t\t\t\t<div class=\"elementor-element elementor-element-92f7bde elementor-widget elementor-widget-spacer\" data-id=\"92f7bde\" data-element_type=\"widget\" data-widget_type=\"spacer.default\">\n\t\t\t\t<div class=\"elementor-widget-container\">\n\t\t\t\t\t<div class=\"elementor-spacer\">\n\t\t\t<div class=\"elementor-spacer-inner\"><\/div>\n\t\t<\/div>\n\t\t\t\t<\/div>\n\t\t\t\t<\/div>\n\t\t\t\t\t\t<\/div>\n\t\t\t<\/div>\n\t\t<\/div>\n\t\t\t\t\t\t<\/div>\n\t\t\t<\/div>\n\t\t<\/section>\n\t\t\t\t\t\t<\/div>\n\t\t\t<\/div>\n\t\t<\/div>\n\t\t","protected":false},"excerpt":{"rendered":"<p>Kipala Tasainen rauhallinen tontti, kolmella vanhalla m\u00f6kill\u00e4 jotka peruskunnostettuja 2001 ja 2023. Kipala on Vanajaveden sel\u00e4n rannassa oleva rauhaisa m\u00f6kki. Erilliset makuuaitat tekev\u00e4t paikasta idyllisen kes\u00e4nviettoon. Perinteist\u00e4 m\u00f6kkeily\u00e4 suosiville. Tontti on aurinkoinen ja ilta-auringosta voi nauttia kuistilla tai saunan lauteilta. M\u00f6kill\u00e4 on soutuvene ja kahdet pelastusliivit. Rannassa muurattu puugrilli sek\u00e4 mahdollisuus savustaaa kalaa, lis\u00e4ksi terassilla [&hellip;]<\/p>\n","protected":false},"author":7,"featured_media":0,"parent":0,"menu_order":0,"comment_status":"closed","ping_status":"closed","template":"page-templates\/fullwidth-content.php","meta":{"footnotes":""},"_links":{"self":[{"href":"https:\/\/retulansaari.fi\/index.php?rest_route=\/wp\/v2\/pages\/1289"}],"collection":[{"href":"https:\/\/retulansaari.fi\/index.php?rest_route=\/wp\/v2\/pages"}],"about":[{"href":"https:\/\/retulansaari.fi\/index.php?rest_route=\/wp\/v2\/types\/page"}],"author":[{"embeddable":true,"href":"https:\/\/retulansaari.fi\/index.php?rest_route=\/wp\/v2\/users\/7"}],"replies":[{"embeddable":true,"href":"https:\/\/retulansaari.fi\/index.php?rest_route=%2Fwp%2Fv2%2Fcomments&post=1289"}],"version-history":[{"count":5,"href":"https:\/\/retulansaari.fi\/index.php?rest_route=\/wp\/v2\/pages\/1289\/revisions"}],"predecessor-version":[{"id":1514,"href":"https:\/\/retulansaari.fi\/index.php?rest_route=\/wp\/v2\/pages\/1289\/revisions\/1514"}],"wp:attachment":[{"href":"https:\/\/retulansaari.fi\/index.php?rest_route=%2Fwp%2Fv2%2Fmedia&parent=1289"}],"curies":[{"name":"wp","href":"https:\/\/api.w.org\/{rel}","templated":true}]}}